{"id":109,"date":"2017-01-25T15:07:54","date_gmt":"2017-01-25T14:07:54","guid":{"rendered":"http:\/\/amar.law\/?page_id=109\/"},"modified":"2021-09-27T14:41:17","modified_gmt":"2021-09-27T12:41:17","slug":"legal-mentions","status":"publish","type":"page","link":"https:\/\/amar.law\/en\/legal-mentions\/","title":{"rendered":"Legal mentions"},"content":{"rendered":"<p><strong>\u00c9diteur<\/strong><br \/>\nLes sites Amar.law et UPCblog.Amar.law sont \u00e9dit\u00e9s par<\/p>\n<p>AMAR GOUSSU STAUB<br \/>\n149, Boulevard Malesherbes<br \/>\nF-75017 Paris<br \/>\nTel. : +33 (0) 1 55 35 05 35<br \/>\nFax. :+33 (0) 1 55 35 05 36<\/p>\n<p>SELAS au capital de 15.000\u20ac<br \/>\nRCS : Paris 450 103 825<br \/>\nCode APE : 6910Z<br \/>\nTVA : FR 95 450 103 825<\/p>\n<p>Co-directeurs de la publication : Cyrille Amar, Gr\u00e9goire Goussu, Antonin Staub.<\/p>\n<p>Pour toute notification relative au contenu ou au fonctionnement du site Amar.law, merci de nous contacter \u00e0 l\u2019adresse contact@amar.law.<\/p>\n<p>Pour toute notification relative au contenu ou au fonctionnement du blog UPC.amar.law, merci de nous contacter \u00e0 l\u2019adresse upcblog@amar.law.<\/p>\n<p><strong>H\u00e9bergement<\/strong><\/p>\n<p>Les sites Amar.law et UPCblog.Amar.law sont h\u00e9berg\u00e9s par :<\/p>\n<p>OVH<br \/>\n2 rue Kellermann &#8211; 59100 Roubaix &#8211; France.<br \/>\nSAS au capital de 10.069.020 \u20ac<br \/>\nRCS Lille M\u00e9tropole 424 761 419 00045<br \/>\nCode APE 2620Z<br \/>\nN\u00b0 TVA : FR 22 424 761 419<\/p>\n<p><strong>Ordre professionnel<\/strong><\/p>\n<p>Le cabinet et les avocats sont inscrits au Barreau de Paris (toque P515). Ils sont soumis au R\u00e8glement Int\u00e9rieur National (RIN) et aux dispositions propres au Barreau de Paris.<\/p>\n<p><strong>Assurances professionnelles<\/strong><\/p>\n<p>En sus de l\u2019assurance professionnelle obligatoire souscrite aupr\u00e8s de l\u2019Ordre, le cabinet Amar Goussu Staub a souscrit une assurance compl\u00e9mentaire couvrant sa responsabilit\u00e9 civile professionnelle aupr\u00e8s de AON France ; 420 rue d\u2019Estienne d\u2019Orves ; 92700 Colombes.<\/p>\n<p><strong>Donn\u00e9es \u00e0 caract\u00e8re personnel<\/strong><br \/>\nLes sites Amar.law et Upcblog.Amar.law n\u2019ont pas recours aux cookies ou \u00e0 toute technique similaire de nature \u00e0 suivre et conna\u00eetre la navigation sur Internet des visiteurs de ces sites.<\/p>\n<p>L\u2019utilisation du formulaire de prise de contact propos\u00e9 sur le site Amar.law ainsi que l\u2019envoi d\u2019un courrier \u00e9lectronique depuis les adresses figurant sur ce site et le blog UPCblog.amar.law sont susceptibles de donner lieu \u00e0 la collecte et au traitement des informations communiqu\u00e9es afin de g\u00e9rer et assurer le suivi de la demande.<\/p>\n<p>Les destinataires des donn\u00e9es sont les personnes en charge de la r\u00e9ception des demandes transmises par l\u2019interm\u00e9diaire du site, ainsi que les personnes les plus \u00e0 m\u00eame de r\u00e9pondre \u00e0 la demande, en fonction de la nature de celle-ci.<\/p>\n<p>En tout \u00e9tat de cause, Amar Goussu Staub garantit que les \u00e9ventuelles donn\u00e9es \u00e0 caract\u00e8re personnel ne sont pas transf\u00e9r\u00e9es hors de France ni transmises \u00e0 des tiers, \u00e0 l\u2019exception des \u00e9ventuels prestataires techniques du cabinet et pour les seuls besoins internes de celui-ci. Elles ne sont conserv\u00e9es qu\u2019aux seuls fins de traiter la demande d\u2019informations.<\/p>\n<p>Toute personne dispose d\u2019un droit d\u2019acc\u00e8s et de rectification des donn\u00e9es la concernant ainsi que d\u2019un droit d\u2019opposition au traitement des informations la concernant, en adressant un courrier \u00e9lectronique \u00e0 contact[@]amar.law.<\/p>\n<p><strong>Cr\u00e9dits photographiques<\/strong><\/p>\n<p>Photos des avocats : Alain Goulard<br \/>\nAutres photographies : Unsplash<\/p>\n","protected":false},"excerpt":{"rendered":"<p>\u00c9diteur Les sites Amar.law et UPCblog.Amar.law sont \u00e9dit\u00e9s par AMAR GOUSSU STAUB 149, Boulevard Malesherbes F-75017 Paris Tel. : +33 (0) 1 55 35 05 35 Fax. :+33 (0) 1 55 35 05 36 SELAS au capital de 15.000\u20ac RCS : Paris 450 103 825 Code APE : 6910Z TVA : FR 95 450 103 [&hellip;]<\/p>\n","protected":false},"author":1,"featured_media":0,"parent":0,"menu_order":0,"comment_status":"closed","ping_status":"closed","template":"","meta":{"footnotes":""},"class_list":["post-109","page","type-page","status-publish","hentry"],"yoast_head":"<!-- This site is optimized with the Yoast SEO plugin v15.7 - https:\/\/yoast.com\/wordpress\/plugins\/seo\/ -->\n<meta name=\"robots\" content=\"index, follow, max-snippet:-1, max-image-preview:large, max-video-preview:-1\" \/>\n<link rel=\"canonical\" href=\"https:\/\/amar.law\/en\/legal-mentions\/\" \/>\n<meta property=\"og:locale\" content=\"en_US\" \/>\n<meta property=\"og:type\" content=\"article\" \/>\n<meta property=\"og:title\" content=\"Legal mentions - Amar Goussu Staub\" \/>\n<meta property=\"og:description\" content=\"\u00c9diteur Les sites Amar.law et UPCblog.Amar.law sont \u00e9dit\u00e9s par AMAR GOUSSU STAUB 149, Boulevard Malesherbes F-75017 Paris Tel. : +33 (0) 1 55 35 05 35 Fax. :+33 (0) 1 55 35 05 36 SELAS au capital de 15.000\u20ac RCS : Paris 450 103 825 Code APE : 6910Z TVA : FR 95 450 103 [&hellip;]\" \/>\n<meta property=\"og:url\" content=\"https:\/\/amar.law\/en\/legal-mentions\/\" \/>\n<meta property=\"og:site_name\" content=\"Amar Goussu Staub\" \/>\n<meta property=\"article:modified_time\" content=\"2021-09-27T12:41:17+00:00\" \/>\n<meta name=\"twitter:card\" content=\"summary\" \/>\n<meta name=\"twitter:label1\" content=\"Est. reading time\">\n\t<meta name=\"twitter:data1\" content=\"2 minutes\">\n<script type=\"application\/ld+json\" class=\"yoast-schema-graph\">{\"@context\":\"https:\/\/schema.org\",\"@graph\":[{\"@type\":\"WebSite\",\"@id\":\"https:\/\/amar.law\/#website\",\"url\":\"https:\/\/amar.law\/\",\"name\":\"Amar Goussu Staub\",\"description\":\"Soci\\u00e9t\\u00e9 d\\u2019avocats\",\"potentialAction\":[{\"@type\":\"SearchAction\",\"target\":\"https:\/\/amar.law\/?s={search_term_string}\",\"query-input\":\"required name=search_term_string\"}],\"inLanguage\":\"en-US\"},{\"@type\":\"WebPage\",\"@id\":\"https:\/\/amar.law\/en\/legal-mentions\/#webpage\",\"url\":\"https:\/\/amar.law\/en\/legal-mentions\/\",\"name\":\"Legal mentions - Amar Goussu Staub\",\"isPartOf\":{\"@id\":\"https:\/\/amar.law\/#website\"},\"datePublished\":\"2017-01-25T14:07:54+00:00\",\"dateModified\":\"2021-09-27T12:41:17+00:00\",\"inLanguage\":\"en-US\",\"potentialAction\":[{\"@type\":\"ReadAction\",\"target\":[\"https:\/\/amar.law\/en\/legal-mentions\/\"]}]}]}<\/script>\n<!-- \/ Yoast SEO plugin. -->","_links":{"self":[{"href":"https:\/\/amar.law\/en\/wp-json\/wp\/v2\/pages\/109"}],"collection":[{"href":"https:\/\/amar.law\/en\/wp-json\/wp\/v2\/pages"}],"about":[{"href":"https:\/\/amar.law\/en\/wp-json\/wp\/v2\/types\/page"}],"author":[{"embeddable":true,"href":"https:\/\/amar.law\/en\/wp-json\/wp\/v2\/users\/1"}],"replies":[{"embeddable":true,"href":"https:\/\/amar.law\/en\/wp-json\/wp\/v2\/comments?post=109"}],"version-history":[{"count":3,"href":"https:\/\/amar.law\/en\/wp-json\/wp\/v2\/pages\/109\/revisions"}],"predecessor-version":[{"id":531,"href":"https:\/\/amar.law\/en\/wp-json\/wp\/v2\/pages\/109\/revisions\/531"}],"wp:attachment":[{"href":"https:\/\/amar.law\/en\/wp-json\/wp\/v2\/media?parent=109"}],"curies":[{"name":"wp","href":"https:\/\/api.w.org\/{rel}","templated":true}]}}